{"id":945,"date":"2024-10-08T15:05:03","date_gmt":"2024-10-08T13:05:03","guid":{"rendered":"http:\/\/format-experts.com\/?page_id=945"},"modified":"2026-01-08T17:12:56","modified_gmt":"2026-01-08T16:12:56","slug":"indicateurs-de-reussite","status":"publish","type":"page","link":"https:\/\/format-experts.com\/index.php\/indicateurs-de-reussite\/","title":{"rendered":"INDICATEURS DE REUSSITE"},"content":{"rendered":"\n<p>Chez <strong>FORMAT\u2019 Experts<\/strong>, nous suivons rigoureusement l\u2019\u00e9volution des r\u00e9sultats de nos formations afin d\u2019assurer transparence, qualit\u00e9 p\u00e9dagogique et performance durable.<\/p>\n\n\n\n<h2 class=\"wp-block-heading has-blue-color has-text-color has-link-color wp-elements-4ddf8596a8d259fd01ceab2f1cf302c3\"><strong>Indicateurs 2022 \u2013 FRANCE Travail, Particuliers et Entreprises<\/strong><\/h2>\n\n\n\n<p>En 2022, FORMAT\u2019 Experts enregistre des r\u00e9sultats tr\u00e8s solides sur l\u2019ensemble des parcours propos\u00e9s.<\/p>\n\n\n\n<h3 class=\"wp-block-heading has-blue-color has-text-color has-link-color wp-elements-5f0225ca2d22957164df59146358e419\"><strong>Formations financ\u00e9es par FRANCE Travail et particuliers<\/strong><\/h3>\n\n\n\n<p>Les taux de r\u00e9ussite observ\u00e9s en 2022 soulignent la qualit\u00e9 du suivi p\u00e9dagogique :<\/p>\n\n\n\n<ul class=\"wp-block-list\">\n<li><strong>TES M : 82,35 %<\/strong><strong><br><\/strong><\/li>\n\n\n\n<li><strong>TES F : 100 %<\/strong><strong><br><\/strong><\/li>\n\n\n\n<li><strong>CH1-CB1 : 100 %<\/strong><strong><br><\/strong><\/li>\n<\/ul>\n\n\n\n<p>Ces sessions ont regroup\u00e9 de <strong>2 \u00e0 17 stagiaires<\/strong> selon les sp\u00e9cialit\u00e9s.<\/p>\n\n\n\n<h3 class=\"wp-block-heading has-blue-color has-text-color has-link-color wp-elements-6d837b2f5bd1dd66eb36ad5923108f80\"><strong>Formations en entreprise<\/strong><\/h3>\n\n\n\n<p>Les entreprises partenaires ont \u00e9galement b\u00e9n\u00e9fici\u00e9 de taux \u00e9lev\u00e9s :<\/p>\n\n\n\n<ul class=\"wp-block-list\">\n<li><strong>TES M : 89,47 %<\/strong><strong><br><\/strong><\/li>\n\n\n\n<li><strong>TES F : 100 %<\/strong><strong><br><\/strong><\/li>\n\n\n\n<li><strong>CH1-CB1 : 83,87 %<\/strong><strong><br><\/strong><\/li>\n\n\n\n<li><strong>AP LAM : 75 %<\/strong><strong><br><\/strong><\/li>\n<\/ul>\n\n\n\n<p>Avec des groupes allant de <strong>4 \u00e0 38 salari\u00e9s<\/strong>, les r\u00e9sultats confirment la pertinence de nos dispositifs en milieu professionnel.<\/p>\n\n\n<div class=\"wp-block-image\">\n<figure class=\"aligncenter size-full\"><img loading=\"lazy\" decoding=\"async\" width=\"1024\" height=\"768\" src=\"https:\/\/format-experts.com\/wp-content\/uploads\/2018\/12\/Indicateurs-FORMAT-Experts-2022.jpg\" alt=\"\" class=\"wp-image-935\" srcset=\"https:\/\/format-experts.com\/wp-content\/uploads\/2018\/12\/Indicateurs-FORMAT-Experts-2022.jpg 1024w, https:\/\/format-experts.com\/wp-content\/uploads\/2018\/12\/Indicateurs-FORMAT-Experts-2022-300x225.jpg 300w, https:\/\/format-experts.com\/wp-content\/uploads\/2018\/12\/Indicateurs-FORMAT-Experts-2022-768x576.jpg 768w\" sizes=\"auto, (max-width: 1024px) 100vw, 1024px\" \/><\/figure><\/div>\n\n\n<h2 class=\"wp-block-heading has-blue-color has-text-color has-link-color wp-elements-d386a129ea5a531585e849f782973424\"><strong>Indicateurs 2023 \u2013 FRANCE Travail, Particuliers et Entreprises<\/strong><\/h2>\n\n\n\n<p>L\u2019ann\u00e9e 2023 marque une progression g\u00e9n\u00e9rale des performances et une augmentation du nombre de participants.<\/p>\n\n\n\n<h3 class=\"wp-block-heading has-blue-color has-text-color has-link-color wp-elements-5f0225ca2d22957164df59146358e419\"><strong>Formations financ\u00e9es par FRANCE Travail et particuliers<\/strong><\/h3>\n\n\n\n<p>Les r\u00e9sultats atteignent un niveau tr\u00e8s \u00e9lev\u00e9, avec notamment :<\/p>\n\n\n\n<ul class=\"wp-block-list\">\n<li><strong>TES M : 90,24 %<\/strong><strong><br><\/strong><\/li>\n\n\n\n<li><strong>CH1-CB1 : 94,64 %<\/strong><strong><br><\/strong><\/li>\n<\/ul>\n\n\n\n<p>Certaines formations affichent une <strong>r\u00e9ussite de 100 %<\/strong>, d\u00e9montrant la solidit\u00e9 des apprentissages. Les groupes comptaient jusqu\u2019\u00e0 <strong>56 stagiaires<\/strong> sur certaines fili\u00e8res.<\/p>\n\n\n\n<h3 class=\"wp-block-heading has-blue-color has-text-color has-link-color wp-elements-6d837b2f5bd1dd66eb36ad5923108f80\"><strong>Formations en entreprise<\/strong><\/h3>\n\n\n\n<p>Les r\u00e9sultats 2023 sont particuli\u00e8rement remarquables :<\/p>\n\n\n\n<ul class=\"wp-block-list\">\n<li><strong>TES M : 100 %<\/strong><strong><br><\/strong><\/li>\n\n\n\n<li><strong>TES F : 100 %<\/strong><strong><br><\/strong><\/li>\n\n\n\n<li><strong>CH1-CB1 : 97,50 %<\/strong><strong><br><\/strong><\/li>\n<\/ul>\n\n\n\n<p>Avec des effectifs allant jusqu&rsquo;\u00e0 <strong>68 salari\u00e9s<\/strong>, la satisfaction des entreprises est excellente.<\/p>\n\n\n<div class=\"wp-block-image\">\n<figure class=\"aligncenter size-full\"><img loading=\"lazy\" decoding=\"async\" width=\"1024\" height=\"768\" src=\"https:\/\/format-experts.com\/wp-content\/uploads\/2018\/12\/Indicateurs-FORMAT-Experts-2023.jpg\" alt=\"\" class=\"wp-image-936\" srcset=\"https:\/\/format-experts.com\/wp-content\/uploads\/2018\/12\/Indicateurs-FORMAT-Experts-2023.jpg 1024w, https:\/\/format-experts.com\/wp-content\/uploads\/2018\/12\/Indicateurs-FORMAT-Experts-2023-300x225.jpg 300w, https:\/\/format-experts.com\/wp-content\/uploads\/2018\/12\/Indicateurs-FORMAT-Experts-2023-768x576.jpg 768w\" sizes=\"auto, (max-width: 1024px) 100vw, 1024px\" \/><\/figure><\/div>\n\n\n<h2 class=\"wp-block-heading has-blue-color has-text-color has-link-color wp-elements-288b7382e973b4a4bda153625b9f7315\"><strong>Indicateurs 2024 \u2013 FRANCE Travail, Particuliers et Entreprises<\/strong><\/h2>\n\n\n\n<p>En 2024, les performances restent tr\u00e8s \u00e9lev\u00e9es, confirmant une dynamique durable.<\/p>\n\n\n\n<h3 class=\"wp-block-heading has-blue-color has-text-color has-link-color wp-elements-5f0225ca2d22957164df59146358e419\"><strong>Formations financ\u00e9es par FRANCE Travail et particuliers<\/strong><\/h3>\n\n\n\n<p>Les taux observ\u00e9s sont les suivants :<\/p>\n\n\n\n<ul class=\"wp-block-list\">\n<li><strong>TES M : 97,14 %<\/strong><strong><br><\/strong><\/li>\n\n\n\n<li><strong>CH1-CB1 : 92,00 %<\/strong><strong><br><\/strong><\/li>\n<\/ul>\n\n\n\n<p>Les sessions regroupaient entre <strong>25 et 35 stagiaires<\/strong>, selon les sp\u00e9cialit\u00e9s.<\/p>\n\n\n\n<h3 class=\"wp-block-heading has-blue-color has-text-color has-link-color wp-elements-6d837b2f5bd1dd66eb36ad5923108f80\"><strong>Formations en entreprise<\/strong><\/h3>\n\n\n\n<p>Les taux de r\u00e9ussite en entreprise restent solides :<\/p>\n\n\n\n<ul class=\"wp-block-list\">\n<li><strong>TES M : 73,33 %<\/strong><strong><br><\/strong><\/li>\n\n\n\n<li><strong>TES F : 100 %<\/strong><strong><br><\/strong><\/li>\n\n\n\n<li><strong>CH1-CB1 : 100 %<\/strong><strong><br><\/strong><\/li>\n\n\n\n<li><strong>AP LAM : 100 %<\/strong><strong><br><\/strong><\/li>\n<\/ul>\n\n\n\n<p>Avec des groupes allant de <strong>6 \u00e0 43 salari\u00e9s<\/strong>, l\u2019efficacit\u00e9 des formations se confirme.<\/p>\n\n\n<div class=\"wp-block-image\">\n<figure class=\"aligncenter size-full\"><img loading=\"lazy\" decoding=\"async\" width=\"897\" height=\"675\" src=\"https:\/\/format-experts.com\/wp-content\/uploads\/2026\/01\/Indicateurs-2024.jpg\" alt=\"\" class=\"wp-image-1003\" srcset=\"https:\/\/format-experts.com\/wp-content\/uploads\/2026\/01\/Indicateurs-2024.jpg 897w, https:\/\/format-experts.com\/wp-content\/uploads\/2026\/01\/Indicateurs-2024-300x226.jpg 300w, https:\/\/format-experts.com\/wp-content\/uploads\/2026\/01\/Indicateurs-2024-768x578.jpg 768w\" sizes=\"auto, (max-width: 897px) 100vw, 897px\" \/><\/figure><\/div>\n\n\n<h2 class=\"wp-block-heading has-blue-color has-text-color has-link-color wp-elements-2e94fb0400e009c6463b9e86f0544425\"><strong>Indicateurs 2025 \u2013 FRANCE Travail, Particuliers et Entreprises<\/strong><\/h2>\n\n\n\n<p>Pour 2025, les premiers r\u00e9sultats confirment la continuit\u00e9 de l\u2019excellence FORMAT\u2019 Experts.<\/p>\n\n\n\n<h3 class=\"wp-block-heading has-blue-color has-text-color has-link-color wp-elements-5f0225ca2d22957164df59146358e419\"><strong>Formations financ\u00e9es par FRANCE Travail et particuliers<\/strong><\/h3>\n\n\n\n<p>Les taux de r\u00e9ussite restent tr\u00e8s \u00e9lev\u00e9s :<\/p>\n\n\n\n<ul class=\"wp-block-list\">\n<li><strong>TES M : 97,62 %<\/strong><strong><br><\/strong><\/li>\n\n\n\n<li><strong>CH1-CB1 : 93,33 %<\/strong><strong><br><\/strong><\/li>\n<\/ul>\n\n\n\n<p>Les effectifs varient entre <strong>22 et 41 stagiaires<\/strong> selon les formations.<\/p>\n\n\n\n<h3 class=\"wp-block-heading has-blue-color has-text-color has-link-color wp-elements-6d837b2f5bd1dd66eb36ad5923108f80\"><strong>Formations en entreprise<\/strong><\/h3>\n\n\n\n<p>L\u2019ann\u00e9e 2025 refl\u00e8te une performance exceptionnelle :<\/p>\n\n\n\n<ul class=\"wp-block-list\">\n<li><strong>TES M : 100 %<\/strong><strong><br><\/strong><\/li>\n\n\n\n<li><strong>TES F : 100 %<\/strong><strong><br><\/strong><\/li>\n\n\n\n<li><strong>CH1-CB1 : 100 %<\/strong><strong><br><\/strong><\/li>\n\n\n\n<li><strong>TES L : 100 %<\/strong><strong><br><\/strong><\/li>\n<\/ul>\n\n\n\n<p>Ces r\u00e9sultats concernent des groupes de <strong>9 \u00e0 36 salari\u00e9s<\/strong>.<\/p>\n\n\n<div class=\"wp-block-image\">\n<figure class=\"aligncenter size-full\"><img loading=\"lazy\" decoding=\"async\" width=\"901\" height=\"673\" src=\"https:\/\/format-experts.com\/wp-content\/uploads\/2026\/01\/Indicateurs-2025.jpg\" alt=\"\" class=\"wp-image-1004\" srcset=\"https:\/\/format-experts.com\/wp-content\/uploads\/2026\/01\/Indicateurs-2025.jpg 901w, https:\/\/format-experts.com\/wp-content\/uploads\/2026\/01\/Indicateurs-2025-300x224.jpg 300w, https:\/\/format-experts.com\/wp-content\/uploads\/2026\/01\/Indicateurs-2025-768x574.jpg 768w\" sizes=\"auto, (max-width: 901px) 100vw, 901px\" \/><\/figure><\/div>\n\n\n<h2 class=\"wp-block-heading has-blue-color has-text-color has-link-color wp-elements-2239a501425e0612570d1f31af14a143\"><strong>Une progression continue de la qualit\u00e9<\/strong><\/h2>\n\n\n\n<p>D\u2019ann\u00e9e en ann\u00e9e, les indicateurs t\u00e9moignent :<\/p>\n\n\n\n<ul class=\"wp-block-list\">\n<li>D\u2019un <strong>haut niveau de r\u00e9ussite<\/strong>,<br><\/li>\n\n\n\n<li>D\u2019une <strong>p\u00e9dagogie structur\u00e9e<\/strong>,<br><\/li>\n\n\n\n<li>D\u2019un <strong>accompagnement individualis\u00e9<\/strong>,<br><\/li>\n\n\n\n<li>Et d\u2019un <strong>fort taux de satisfaction des entreprises et des apprenants<\/strong>.<br><\/li>\n<\/ul>\n\n\n\n<p>FORMAT\u2019 Experts s\u2019engage \u00e0 maintenir ces standards et \u00e0 publier r\u00e9guli\u00e8rement la mise \u00e0 jour de ses r\u00e9sultats.<\/p>\n\n\n\n<h2 class=\"wp-block-heading has-blue-color has-text-color has-link-color wp-elements-de447ef0fbb9d07110c76aa4891cee38\"><strong>Rejoignez les formations FORMAT\u2019&nbsp;Experts et donnez un nouvel \u00e9lan \u00e0 votre avenir professionnel<\/strong><\/h2>\n\n\n\n<p>Les r\u00e9sultats pr\u00e9sent\u00e9s t\u00e9moignent de <a href=\"https:\/\/format-experts.com\/index.php\/formations\/qualite\/\" target=\"_blank\" rel=\"noreferrer noopener\"><strong>la qualit\u00e9 et de l\u2019efficacit\u00e9 de nos parcours de formation<\/strong><\/a> depuis plusieurs ann\u00e9es. Que vous soyez <strong>demandeur d\u2019emploi<\/strong>, <strong>salari\u00e9<\/strong>, <strong>entrepreneur<\/strong>, ou en <strong>reconversion professionnelle<\/strong>, nos programmes sont con\u00e7us pour vous accompagner vers la r\u00e9ussite.<\/p>\n\n\n\n<p>Chez <strong>FORMAT\u2019 Experts<\/strong>, chaque apprenant b\u00e9n\u00e9ficie d\u2019un suivi personnalis\u00e9, d\u2019une p\u00e9dagogie claire et structur\u00e9e, et d\u2019un accompagnement centr\u00e9 sur la mont\u00e9e en comp\u00e9tences. Nos formateurs, tous experts du terrain, vous guident pas \u00e0 pas vers l\u2019atteinte de vos objectifs professionnels.<\/p>\n\n\n\n<h2 class=\"wp-block-heading has-blue-color has-text-color has-link-color wp-elements-1fa6261ae94d404069811af30578ad85\"><strong>Prenez contact avec nous d\u00e8s aujourd\u2019hui <\/strong><\/h2>\n\n\n\n<ul class=\"wp-block-list\">\n<li>Besoin d\u2019informations sur une formation ?<br><\/li>\n\n\n\n<li>Envie d\u2019\u00eatre accompagn\u00e9 dans vos <strong><a href=\"http:\/\/format-experts.com\/wp-content\/uploads\/2026\/01\/Comment-financer-ma-formation.png\" target=\"_blank\" rel=\"noreferrer noopener\">d\u00e9marches de financement<\/a><\/strong> (France Travail, OPCO\u2026) ?<br><\/li>\n\n\n\n<li>Vous repr\u00e9sentez une entreprise et souhaitez former vos \u00e9quipes ?<br><\/li>\n<\/ul>\n\n\n\n<p><strong>Nous sommes \u00e0 votre \u00e9coute pour vous orienter vers la formation la plus adapt\u00e9e \u00e0 votre projet.<\/strong><\/p>\n\n\n\n<p><a href=\"https:\/\/format-experts.com\/index.php\/contact\/\" target=\"_blank\" rel=\"noreferrer noopener\"><strong>C<em>ontactez-nous<\/em><\/strong><\/a><em> ou consultez notre <a href=\"http:\/\/format-experts.com\/wp-content\/uploads\/2026\/01\/Catalogue-2026.pdf\" target=\"_blank\" rel=\"noreferrer noopener\"><strong>catalogue complet de formations<\/strong><\/a> sur le site FORMAT\u2019\u00a0Experts.<\/em><\/p>\n","protected":false},"excerpt":{"rendered":"<p>Chez FORMAT\u2019 Experts, nous suivons rigoureusement l\u2019\u00e9volution des r\u00e9sultats de nos formations afin d\u2019assurer transparence, qualit\u00e9 p\u00e9dagogique et performance durable. Indicateurs 2022 \u2013 FRANCE Travail, Particuliers et Entreprises En 2022, FORMAT\u2019 Experts enregistre des r\u00e9sultats tr\u00e8s solides sur l\u2019ensemble des <a href=\"https:\/\/format-experts.com\/index.php\/indicateurs-de-reussite\/\" class=\"read-more\">Read More &#8230;<\/a><\/p>\n","protected":false},"author":1,"featured_media":0,"parent":0,"menu_order":0,"comment_status":"closed","ping_status":"closed","template":"","meta":{"jetpack_post_was_ever_published":false,"footnotes":""},"class_list":["post-945","page","type-page","status-publish","hentry"],"yoast_head":"<!-- This site is optimized with the Yoast SEO plugin v26.1.1 - https:\/\/yoast.com\/wordpress\/plugins\/seo\/ -->\n<title>INDICATEURS DE REUSSITE - FORMAT&#039; Experts<\/title>\n<meta name=\"description\" content=\"Retrouvez les indicateurs de r\u00e9ussite et de satisfaction FORMAT&#039;EXPERTS pour rejoindre notre centre de formation.\" \/>\n<meta name=\"robots\" content=\"index, follow, max-snippet:-1, max-image-preview:large, max-video-preview:-1\" \/>\n<link rel=\"canonical\" href=\"https:\/\/format-experts.com\/index.php\/indicateurs-de-reussite\/\" \/>\n<meta property=\"og:locale\" content=\"fr_FR\" \/>\n<meta property=\"og:type\" content=\"article\" \/>\n<meta property=\"og:title\" content=\"INDICATEURS DE REUSSITE - FORMAT&#039; Experts\" \/>\n<meta property=\"og:description\" content=\"Retrouvez les indicateurs de r\u00e9ussite et de satisfaction FORMAT&#039;EXPERTS pour rejoindre notre centre de formation.\" \/>\n<meta property=\"og:url\" content=\"https:\/\/format-experts.com\/index.php\/indicateurs-de-reussite\/\" \/>\n<meta property=\"og:site_name\" content=\"FORMAT&#039; Experts\" \/>\n<meta property=\"article:modified_time\" content=\"2026-01-08T16:12:56+00:00\" \/>\n<meta property=\"og:image\" content=\"https:\/\/format-experts.com\/wp-content\/uploads\/2018\/12\/Indicateurs-FORMAT-Experts-2022.jpg\" \/>\n\t<meta property=\"og:image:width\" content=\"1024\" \/>\n\t<meta property=\"og:image:height\" content=\"768\" \/>\n\t<meta property=\"og:image:type\" content=\"image\/jpeg\" \/>\n<meta name=\"twitter:card\" content=\"summary_large_image\" \/>\n<meta name=\"twitter:label1\" content=\"Dur\u00e9e de lecture estim\u00e9e\" \/>\n\t<meta name=\"twitter:data1\" content=\"4 minutes\" \/>\n<script type=\"application\/ld+json\" class=\"yoast-schema-graph\">{\"@context\":\"https:\/\/schema.org\",\"@graph\":[{\"@type\":\"Article\",\"@id\":\"https:\/\/format-experts.com\/index.php\/indicateurs-de-reussite\/#article\",\"isPartOf\":{\"@id\":\"https:\/\/format-experts.com\/index.php\/indicateurs-de-reussite\/\"},\"author\":{\"name\":\"Michel PAULIN\",\"@id\":\"https:\/\/format-experts.com\/#\/schema\/person\/28baf504700d30908cf524026feb77f2\"},\"headline\":\"INDICATEURS DE REUSSITE\",\"datePublished\":\"2024-10-08T13:05:03+00:00\",\"dateModified\":\"2026-01-08T16:12:56+00:00\",\"mainEntityOfPage\":{\"@id\":\"https:\/\/format-experts.com\/index.php\/indicateurs-de-reussite\/\"},\"wordCount\":630,\"publisher\":{\"@id\":\"https:\/\/format-experts.com\/#organization\"},\"image\":{\"@id\":\"https:\/\/format-experts.com\/index.php\/indicateurs-de-reussite\/#primaryimage\"},\"thumbnailUrl\":\"https:\/\/format-experts.com\/wp-content\/uploads\/2018\/12\/Indicateurs-FORMAT-Experts-2022.jpg\",\"inLanguage\":\"fr-FR\"},{\"@type\":\"WebPage\",\"@id\":\"https:\/\/format-experts.com\/index.php\/indicateurs-de-reussite\/\",\"url\":\"https:\/\/format-experts.com\/index.php\/indicateurs-de-reussite\/\",\"name\":\"INDICATEURS DE REUSSITE - FORMAT&#039; Experts\",\"isPartOf\":{\"@id\":\"https:\/\/format-experts.com\/#website\"},\"primaryImageOfPage\":{\"@id\":\"https:\/\/format-experts.com\/index.php\/indicateurs-de-reussite\/#primaryimage\"},\"image\":{\"@id\":\"https:\/\/format-experts.com\/index.php\/indicateurs-de-reussite\/#primaryimage\"},\"thumbnailUrl\":\"https:\/\/format-experts.com\/wp-content\/uploads\/2018\/12\/Indicateurs-FORMAT-Experts-2022.jpg\",\"datePublished\":\"2024-10-08T13:05:03+00:00\",\"dateModified\":\"2026-01-08T16:12:56+00:00\",\"description\":\"Retrouvez les indicateurs de r\u00e9ussite et de satisfaction FORMAT'EXPERTS pour rejoindre notre centre de formation.\",\"breadcrumb\":{\"@id\":\"https:\/\/format-experts.com\/index.php\/indicateurs-de-reussite\/#breadcrumb\"},\"inLanguage\":\"fr-FR\",\"potentialAction\":[{\"@type\":\"ReadAction\",\"target\":[\"https:\/\/format-experts.com\/index.php\/indicateurs-de-reussite\/\"]}]},{\"@type\":\"ImageObject\",\"inLanguage\":\"fr-FR\",\"@id\":\"https:\/\/format-experts.com\/index.php\/indicateurs-de-reussite\/#primaryimage\",\"url\":\"https:\/\/format-experts.com\/wp-content\/uploads\/2018\/12\/Indicateurs-FORMAT-Experts-2022.jpg\",\"contentUrl\":\"https:\/\/format-experts.com\/wp-content\/uploads\/2018\/12\/Indicateurs-FORMAT-Experts-2022.jpg\",\"width\":1024,\"height\":768},{\"@type\":\"BreadcrumbList\",\"@id\":\"https:\/\/format-experts.com\/index.php\/indicateurs-de-reussite\/#breadcrumb\",\"itemListElement\":[{\"@type\":\"ListItem\",\"position\":1,\"name\":\"Accueil\",\"item\":\"https:\/\/format-experts.com\/\"},{\"@type\":\"ListItem\",\"position\":2,\"name\":\"INDICATEURS DE REUSSITE\"}]},{\"@type\":\"WebSite\",\"@id\":\"https:\/\/format-experts.com\/#website\",\"url\":\"https:\/\/format-experts.com\/\",\"name\":\"FORMAT&#039; Experts\",\"description\":\"Entrepreneur de solutions ...\",\"publisher\":{\"@id\":\"https:\/\/format-experts.com\/#organization\"},\"potentialAction\":[{\"@type\":\"SearchAction\",\"target\":{\"@type\":\"EntryPoint\",\"urlTemplate\":\"https:\/\/format-experts.com\/?s={search_term_string}\"},\"query-input\":{\"@type\":\"PropertyValueSpecification\",\"valueRequired\":true,\"valueName\":\"search_term_string\"}}],\"inLanguage\":\"fr-FR\"},{\"@type\":\"Organization\",\"@id\":\"https:\/\/format-experts.com\/#organization\",\"name\":\"FORMAT&#039; Experts\",\"url\":\"https:\/\/format-experts.com\/\",\"logo\":{\"@type\":\"ImageObject\",\"inLanguage\":\"fr-FR\",\"@id\":\"https:\/\/format-experts.com\/#\/schema\/logo\/image\/\",\"url\":\"https:\/\/format-experts.com\/wp-content\/uploads\/2017\/07\/cropped-400dpiLogo.png\",\"contentUrl\":\"https:\/\/format-experts.com\/wp-content\/uploads\/2017\/07\/cropped-400dpiLogo.png\",\"width\":200,\"height\":94,\"caption\":\"FORMAT&#039; Experts\"},\"image\":{\"@id\":\"https:\/\/format-experts.com\/#\/schema\/logo\/image\/\"}},{\"@type\":\"Person\",\"@id\":\"https:\/\/format-experts.com\/#\/schema\/person\/28baf504700d30908cf524026feb77f2\",\"name\":\"Michel PAULIN\",\"image\":{\"@type\":\"ImageObject\",\"inLanguage\":\"fr-FR\",\"@id\":\"https:\/\/format-experts.com\/#\/schema\/person\/image\/\",\"url\":\"https:\/\/secure.gravatar.com\/avatar\/1eb72a5cd6fc880c0ca546c840b280ae?s=96&d=blank&r=g\",\"contentUrl\":\"https:\/\/secure.gravatar.com\/avatar\/1eb72a5cd6fc880c0ca546c840b280ae?s=96&d=blank&r=g\",\"caption\":\"Michel PAULIN\"},\"url\":\"https:\/\/format-experts.com\/index.php\/actualites\/author\/admin8997\/\"}]}<\/script>\n<!-- \/ Yoast SEO plugin. -->","yoast_head_json":{"title":"INDICATEURS DE REUSSITE - FORMAT&#039; Experts","description":"Retrouvez les indicateurs de r\u00e9ussite et de satisfaction FORMAT'EXPERTS pour rejoindre notre centre de formation.","robots":{"index":"index","follow":"follow","max-snippet":"max-snippet:-1","max-image-preview":"max-image-preview:large","max-video-preview":"max-video-preview:-1"},"canonical":"https:\/\/format-experts.com\/index.php\/indicateurs-de-reussite\/","og_locale":"fr_FR","og_type":"article","og_title":"INDICATEURS DE REUSSITE - FORMAT&#039; Experts","og_description":"Retrouvez les indicateurs de r\u00e9ussite et de satisfaction FORMAT'EXPERTS pour rejoindre notre centre de formation.","og_url":"https:\/\/format-experts.com\/index.php\/indicateurs-de-reussite\/","og_site_name":"FORMAT&#039; Experts","article_modified_time":"2026-01-08T16:12:56+00:00","og_image":[{"width":1024,"height":768,"url":"https:\/\/format-experts.com\/wp-content\/uploads\/2018\/12\/Indicateurs-FORMAT-Experts-2022.jpg","type":"image\/jpeg"}],"twitter_card":"summary_large_image","twitter_misc":{"Dur\u00e9e de lecture estim\u00e9e":"4 minutes"},"schema":{"@context":"https:\/\/schema.org","@graph":[{"@type":"Article","@id":"https:\/\/format-experts.com\/index.php\/indicateurs-de-reussite\/#article","isPartOf":{"@id":"https:\/\/format-experts.com\/index.php\/indicateurs-de-reussite\/"},"author":{"name":"Michel PAULIN","@id":"https:\/\/format-experts.com\/#\/schema\/person\/28baf504700d30908cf524026feb77f2"},"headline":"INDICATEURS DE REUSSITE","datePublished":"2024-10-08T13:05:03+00:00","dateModified":"2026-01-08T16:12:56+00:00","mainEntityOfPage":{"@id":"https:\/\/format-experts.com\/index.php\/indicateurs-de-reussite\/"},"wordCount":630,"publisher":{"@id":"https:\/\/format-experts.com\/#organization"},"image":{"@id":"https:\/\/format-experts.com\/index.php\/indicateurs-de-reussite\/#primaryimage"},"thumbnailUrl":"https:\/\/format-experts.com\/wp-content\/uploads\/2018\/12\/Indicateurs-FORMAT-Experts-2022.jpg","inLanguage":"fr-FR"},{"@type":"WebPage","@id":"https:\/\/format-experts.com\/index.php\/indicateurs-de-reussite\/","url":"https:\/\/format-experts.com\/index.php\/indicateurs-de-reussite\/","name":"INDICATEURS DE REUSSITE - FORMAT&#039; Experts","isPartOf":{"@id":"https:\/\/format-experts.com\/#website"},"primaryImageOfPage":{"@id":"https:\/\/format-experts.com\/index.php\/indicateurs-de-reussite\/#primaryimage"},"image":{"@id":"https:\/\/format-experts.com\/index.php\/indicateurs-de-reussite\/#primaryimage"},"thumbnailUrl":"https:\/\/format-experts.com\/wp-content\/uploads\/2018\/12\/Indicateurs-FORMAT-Experts-2022.jpg","datePublished":"2024-10-08T13:05:03+00:00","dateModified":"2026-01-08T16:12:56+00:00","description":"Retrouvez les indicateurs de r\u00e9ussite et de satisfaction FORMAT'EXPERTS pour rejoindre notre centre de formation.","breadcrumb":{"@id":"https:\/\/format-experts.com\/index.php\/indicateurs-de-reussite\/#breadcrumb"},"inLanguage":"fr-FR","potentialAction":[{"@type":"ReadAction","target":["https:\/\/format-experts.com\/index.php\/indicateurs-de-reussite\/"]}]},{"@type":"ImageObject","inLanguage":"fr-FR","@id":"https:\/\/format-experts.com\/index.php\/indicateurs-de-reussite\/#primaryimage","url":"https:\/\/format-experts.com\/wp-content\/uploads\/2018\/12\/Indicateurs-FORMAT-Experts-2022.jpg","contentUrl":"https:\/\/format-experts.com\/wp-content\/uploads\/2018\/12\/Indicateurs-FORMAT-Experts-2022.jpg","width":1024,"height":768},{"@type":"BreadcrumbList","@id":"https:\/\/format-experts.com\/index.php\/indicateurs-de-reussite\/#breadcrumb","itemListElement":[{"@type":"ListItem","position":1,"name":"Accueil","item":"https:\/\/format-experts.com\/"},{"@type":"ListItem","position":2,"name":"INDICATEURS DE REUSSITE"}]},{"@type":"WebSite","@id":"https:\/\/format-experts.com\/#website","url":"https:\/\/format-experts.com\/","name":"FORMAT&#039; Experts","description":"Entrepreneur de solutions ...","publisher":{"@id":"https:\/\/format-experts.com\/#organization"},"potentialAction":[{"@type":"SearchAction","target":{"@type":"EntryPoint","urlTemplate":"https:\/\/format-experts.com\/?s={search_term_string}"},"query-input":{"@type":"PropertyValueSpecification","valueRequired":true,"valueName":"search_term_string"}}],"inLanguage":"fr-FR"},{"@type":"Organization","@id":"https:\/\/format-experts.com\/#organization","name":"FORMAT&#039; Experts","url":"https:\/\/format-experts.com\/","logo":{"@type":"ImageObject","inLanguage":"fr-FR","@id":"https:\/\/format-experts.com\/#\/schema\/logo\/image\/","url":"https:\/\/format-experts.com\/wp-content\/uploads\/2017\/07\/cropped-400dpiLogo.png","contentUrl":"https:\/\/format-experts.com\/wp-content\/uploads\/2017\/07\/cropped-400dpiLogo.png","width":200,"height":94,"caption":"FORMAT&#039; Experts"},"image":{"@id":"https:\/\/format-experts.com\/#\/schema\/logo\/image\/"}},{"@type":"Person","@id":"https:\/\/format-experts.com\/#\/schema\/person\/28baf504700d30908cf524026feb77f2","name":"Michel PAULIN","image":{"@type":"ImageObject","inLanguage":"fr-FR","@id":"https:\/\/format-experts.com\/#\/schema\/person\/image\/","url":"https:\/\/secure.gravatar.com\/avatar\/1eb72a5cd6fc880c0ca546c840b280ae?s=96&d=blank&r=g","contentUrl":"https:\/\/secure.gravatar.com\/avatar\/1eb72a5cd6fc880c0ca546c840b280ae?s=96&d=blank&r=g","caption":"Michel PAULIN"},"url":"https:\/\/format-experts.com\/index.php\/actualites\/author\/admin8997\/"}]}},"jetpack_sharing_enabled":true,"jetpack_shortlink":"https:\/\/wp.me\/P8YQDH-ff","_links":{"self":[{"href":"https:\/\/format-experts.com\/index.php\/wp-json\/wp\/v2\/pages\/945","targetHints":{"allow":["GET"]}}],"collection":[{"href":"https:\/\/format-experts.com\/index.php\/wp-json\/wp\/v2\/pages"}],"about":[{"href":"https:\/\/format-experts.com\/index.php\/wp-json\/wp\/v2\/types\/page"}],"author":[{"embeddable":true,"href":"https:\/\/format-experts.com\/index.php\/wp-json\/wp\/v2\/users\/1"}],"replies":[{"embeddable":true,"href":"https:\/\/format-experts.com\/index.php\/wp-json\/wp\/v2\/comments?post=945"}],"version-history":[{"count":24,"href":"https:\/\/format-experts.com\/index.php\/wp-json\/wp\/v2\/pages\/945\/revisions"}],"predecessor-version":[{"id":1157,"href":"https:\/\/format-experts.com\/index.php\/wp-json\/wp\/v2\/pages\/945\/revisions\/1157"}],"wp:attachment":[{"href":"https:\/\/format-experts.com\/index.php\/wp-json\/wp\/v2\/media?parent=945"}],"curies":[{"name":"wp","href":"https:\/\/api.w.org\/{rel}","templated":true}]}}