{"id":602,"date":"2018-12-18T09:37:56","date_gmt":"2018-12-18T08:37:56","guid":{"rendered":"http:\/\/format-experts.com\/?page_id=602"},"modified":"2026-01-08T17:12:16","modified_gmt":"2026-01-08T16:12:16","slug":"formations-2","status":"publish","type":"page","link":"https:\/\/format-experts.com\/index.php\/formations-2\/","title":{"rendered":"FORMATIONS"},"content":{"rendered":"\n<h2 class=\"wp-block-heading has-blue-color has-text-color has-link-color wp-elements-1c0a10b0c231d2f9372302078b4fb040\"><strong>D\u00e9veloppez vos comp\u00e9tences dans les m\u00e9tiers techniques et r\u00e9glement\u00e9s<\/strong><\/h2>\n\n\n\n<p>Chez <strong>FORMAT\u2019 Experts<\/strong>, nous formons les professionnels du secteur ferroviaire et \u00e9lectrique aux m\u00e9tiers les plus exigeants. Notre mission : assurer la <strong>s\u00e9curit\u00e9, la conformit\u00e9 r\u00e9glementaire et la mont\u00e9e en comp\u00e9tence<\/strong> de vos collaborateurs gr\u00e2ce \u00e0 des <strong><a href=\"http:\/\/format-experts.com\/wp-content\/uploads\/2026\/01\/Catalogue-2026.pdf\" target=\"_blank\" rel=\"noreferrer noopener\">programmes certifiants et op\u00e9rationnels<\/a><\/strong>.<\/p>\n\n\n\n<p>Nos formations sont \u00e9labor\u00e9es par des experts de terrain et conformes aux exigences du <strong>D\u00e9cret SECUFER<\/strong>, des r\u00e9f\u00e9rentiels <strong>TCS (Travaux, Exploitation et S\u00e9curit\u00e9)<\/strong> et des <strong>habilitations \u00e9lectriques C18510<\/strong>.<\/p>\n\n\n\n<p>FORMAT\u2019 Experts est aujourd\u2019hui un partenaire reconnu pour la qualit\u00e9, la tra\u00e7abilit\u00e9 et l\u2019efficacit\u00e9 de ses parcours techniques.<\/p>\n\n\n<div class=\"wp-block-image\">\n<figure class=\"aligncenter size-full\"><img loading=\"lazy\" decoding=\"async\" width=\"1005\" height=\"194\" src=\"http:\/\/format-experts.com\/wp-content\/uploads\/2018\/12\/M\u00e9tier-formation-2.png\" alt=\"\" class=\"wp-image-575\" srcset=\"https:\/\/format-experts.com\/wp-content\/uploads\/2018\/12\/M\u00e9tier-formation-2.png 1005w, https:\/\/format-experts.com\/wp-content\/uploads\/2018\/12\/M\u00e9tier-formation-2-300x58.png 300w, https:\/\/format-experts.com\/wp-content\/uploads\/2018\/12\/M\u00e9tier-formation-2-768x148.png 768w\" sizes=\"auto, (max-width: 1005px) 100vw, 1005px\" \/><\/figure><\/div>\n\n\n<h2 class=\"wp-block-heading has-blue-color has-text-color has-link-color wp-elements-42f4120d0e222e7a89ce817b30119100\"><strong>Les formations ferroviaires<\/strong><\/h2>\n\n\n\n<h3 class=\"wp-block-heading has-blue-color has-text-color has-link-color wp-elements-3fda4c8e9585f274244001ea5bb66384\"><strong>Formations hors arr\u00eat\u00e9<\/strong><\/h3>\n\n\n\n<p>Ces formations s\u2019adressent aux personnels intervenant sur ou \u00e0 proximit\u00e9 des voies ferr\u00e9es. Elles visent \u00e0 garantir la s\u00e9curit\u00e9 des op\u00e9rations, la compr\u00e9hension des r\u00e8gles ferroviaires et l\u2019application des proc\u00e9dures SECUFER.<\/p>\n\n\n\n<p><strong>Exemples de formations :<\/strong><\/p>\n\n\n\n<ul class=\"wp-block-list\">\n<li><strong>Risques ferroviaires et d\u00e9placements en emprises<\/strong> \u2013 Application du d\u00e9cret SECUFER<br><\/li>\n\n\n\n<li><strong>Monteur C\u00e2bleur en Signalisation Ferroviaire<\/strong><br><\/li>\n\n\n\n<li><strong>Lecture de plans et sch\u00e9mas ferroviaires<\/strong><br><\/li>\n\n\n\n<li><strong>Contr\u00f4les de conformit\u00e9 \u2013 Livret 3.4.0<\/strong><br><\/li>\n\n\n\n<li><strong>Agent Prestataire Lorry Automoteur (APLAM)<\/strong><br><\/li>\n\n\n\n<li><strong>Agent Prestataire S9 (APS9)<\/strong><br><\/li>\n\n\n\n<li><strong>Intervenant Passage \u00e0 Niveau (Ex APPN)<\/strong><br><\/li>\n\n\n\n<li><strong>Contr\u00f4le de vitesse par balise (KVB)<\/strong>&nbsp;<\/li>\n<\/ul>\n\n\n\n<ul class=\"wp-block-list\">\n<li><strong>Habilitation Cat\u00e9naire KH0-KB0 V<\/strong><\/li>\n<\/ul>\n\n\n\n<ul class=\"wp-block-list\">\n<li><strong>Travaux en hauteur<\/strong><br><\/li>\n\n\n\n<li><strong>Habilitation CH1-CB1 \u2013 Ex\u00e9cutant<\/strong><br><\/li>\n\n\n\n<li><strong>Habilitation CH3-CB3 \u2013 Charg\u00e9 de travaux<\/strong><br><\/li>\n\n\n\n<li><strong>Assistant Travaux<\/strong><br><\/li>\n<\/ul>\n\n\n\n<p>Chaque module inclut des mises en situation r\u00e9elles, des \u00e9tudes de cas et des \u00e9valuations pratiques pour une mont\u00e9e en comp\u00e9tence imm\u00e9diate.<\/p>\n\n\n\n<h3 class=\"wp-block-heading has-blue-color has-text-color has-link-color wp-elements-a8da46c6af84c5fe5f0763e17d365e72\"><strong>Formations sous arr\u00eat\u00e9 (TCS)<\/strong><\/h3>\n\n\n\n<p>Ces formations r\u00e9glement\u00e9es s\u2019adressent aux personnels exer\u00e7ant des T\u00e2ches Critiques de S\u00e9curit\u00e9 ferroviaire (Ex T\u00e2ches Essentielles pour la S\u00e9curit\u00e9 (TES)). Elles r\u00e9pondent aux exigences de <strong>Cahier des Charges de Formation (CCFo)<\/strong>.<\/p>\n\n\n\n<p><strong>Exemples de formations TCS :<\/strong><\/p>\n\n\n\n<ul class=\"wp-block-list\">\n<li><strong>Aiguilleur \u2013 Ex TES A<\/strong> \u2013 Man\u0153uvrer les signaux et g\u00e9rer la circulation<br><\/li>\n\n\n\n<li><strong>Agent Circulation \u2013 Ex TES B<\/strong> \u2013 Assurer le service de la circulation ferroviaire<br><\/li>\n\n\n\n<li><strong>RPTx sans Train Travaux \u2013 Ex TES C<\/strong><br><\/li>\n\n\n\n<li><strong>RPTx avec Train Travaux \u2013 Ex TES C (<\/strong>Selon CCFo)<br><\/li>\n\n\n\n<li><strong>Habilitation Maintenance Travaux (HMT-SE)<\/strong> \u2013 Segments 1 &amp; 2<br><\/li>\n\n\n\n<li><strong>V\u00e9rifications techniques \u2013 Essais simples (HT-VT-SE)<\/strong><br><\/li>\n\n\n\n<li><strong>HTI Abords \u2013 Ex TES D<\/strong><br><\/li>\n\n\n\n<li><strong>HTI Voie \u2013 Ex TES D<\/strong><br><\/li>\n\n\n\n<li><strong>Garde de Passage \u00e0 Niveau \u2013 Ex TES F<\/strong><br><\/li>\n\n\n\n<li><strong>Agent Train Travaux \u2013 Ex TES H-I-J-K-L &amp; Ex TSAE ATTx<\/strong><strong><br><\/strong><\/li>\n\n\n\n<li><strong>Chef de man\u0153uvre \u2013 Ex TES H-I-K<\/strong> (Selon CCFo)<br><\/li>\n\n\n\n<li><strong>Agent Formation \u2013 Ex TES J<\/strong><br><\/li>\n\n\n\n<li><strong>Reconnaissance \u00e0 l\u2019Aptitude au Transport (RAT) \u2013 Ex TES L<\/strong><br><\/li>\n\n\n\n<li><strong>Annonceur \u2013 Sentinelle \u2013 Agent S\u00e9curit\u00e9 du Personnel (ASP) \u2013 Ex TES M<\/strong><br><\/li>\n\n\n\n<li><strong>Repr\u00e9sentant de la S\u00e9curit\u00e9 Op\u00e9rationnelle (RSO)<\/strong><br><\/li>\n\n\n\n<li><strong>HTI Cat\u00e9naire (<\/strong>Selon CCFo)<br><\/li>\n<\/ul>\n\n\n\n<p>Ces parcours visent la <strong>s\u00e9curisation des chantiers ferroviaires<\/strong>, la ma\u00eetrise des risques et le respect strict des normes SNCF R\u00e9seau.<\/p>\n\n\n\n<h2 class=\"wp-block-heading has-blue-color has-text-color has-link-color wp-elements-ebc6968e5487236562c6d54d9ba396f4\"><strong>Les formations \u00e9lectriques<\/strong><\/h2>\n\n\n\n<p>Nos modules d\u2019habilitation \u00e9lectrique s\u2019adressent aux \u00e9lectriciens, techniciens, charg\u00e9s de travaux et non-\u00e9lectriciens amen\u00e9s \u00e0 intervenir sur ou \u00e0 proximit\u00e9 d\u2019installations \u00e9lectriques.<\/p>\n\n\n\n<h3 class=\"wp-block-heading has-blue-color has-text-color has-link-color wp-elements-b115cd2cf796fd87a6cf1ba8ccddb7f1\"><strong>Formations \u00e9lectriciens<\/strong><\/h3>\n\n\n\n<ul class=\"wp-block-list\">\n<li><strong>Habilitation B1, B2, B1V, B2V \u2013 Ex\u00e9cutant<\/strong><br><\/li>\n\n\n\n<li><strong>Habilitation B1, B2, B1V, B2V \u2013 Charg\u00e9 de travaux hors tension<\/strong><br><\/li>\n\n\n\n<li><strong>Habilitation BS \u2013 Charg\u00e9 d\u2019intervention \u00e9l\u00e9mentaire<\/strong><br><\/li>\n\n\n\n<li><strong>Habilitation BC \u2013 Charg\u00e9 de consignation<\/strong><br><\/li>\n\n\n\n<li><strong>Habilitation BR \u2013 Charg\u00e9 d\u2019intervention<\/strong><br><\/li>\n<\/ul>\n\n\n\n<h3 class=\"wp-block-heading has-blue-color has-text-color has-link-color wp-elements-7ba0cce511b04d33dee22538f80cb83f\"><strong>Formations non-\u00e9lectriciens<\/strong><\/h3>\n\n\n\n<ul class=\"wp-block-list\">\n<li><strong>Habilitation B0, H0, H0V \u2013 Ex\u00e9cutant<\/strong><br><\/li>\n\n\n\n<li><strong>Habilitation B0, H0, H0V \u2013 Charg\u00e9 de chantier<\/strong><br><\/li>\n\n\n\n<li><strong>Habilitation BE \u2013 Man\u0153uvre<\/strong><br><\/li>\n<\/ul>\n\n\n\n<h3 class=\"wp-block-heading has-blue-color has-text-color has-link-color wp-elements-139d3ea62c7907a600a166da559f7998\"><strong>Modules C 18510<\/strong><\/h3>\n\n\n\n<ul class=\"wp-block-list\">\n<li><strong>Tronc commun n\u00b0 1<\/strong><br><\/li>\n\n\n\n<li><strong>Tronc commun n\u00b0 2<\/strong><br><\/li>\n<\/ul>\n\n\n\n<p>Ces formations permettent d\u2019assurer la conformit\u00e9 de vos intervenants aux <strong>normes \u00e9lectriques en vigueur (NF C 18510)<\/strong> et de pr\u00e9venir les risques d\u2019\u00e9lectrocution ou d\u2019incendie li\u00e9s aux installations.<\/p>\n\n\n\n<h2 class=\"wp-block-heading has-blue-color has-text-color has-link-color wp-elements-4b0acfed865d8ac72ef6539edd34262a\"><strong>Autres formations professionnelles<\/strong><\/h2>\n\n\n\n<p>FORMAT\u2019 Experts propose \u00e9galement des modules compl\u00e9mentaires tels que :<\/p>\n\n\n\n<ul class=\"wp-block-list\">\n<li><strong>Formation de Formateur<\/strong><br><\/li>\n\n\n\n<li><strong>Travaux en hauteur<\/strong><br><\/li>\n\n\n\n<li><strong>S\u00e9curit\u00e9 au poste de travail et pr\u00e9vention des risques sp\u00e9cifiques<\/strong><strong><br><\/strong><\/li>\n\n\n\n<li><strong>Sensibilisation aux gestes de premiers secours et \u00e0 la communication s\u00e9curit\u00e9<\/strong><strong><br><\/strong><\/li>\n<\/ul>\n\n\n\n<p>Ces sessions compl\u00e8tent id\u00e9alement un parcours de qualification ferroviaire ou \u00e9lectrique.<\/p>\n\n\n\n<h2 class=\"wp-block-heading has-blue-color has-text-color has-link-color wp-elements-5360451f89a50e584eeb8d1817fe3c36\"><strong>Notre partenariat strat\u00e9gique avec Digiforma<\/strong><\/h2>\n\n\n\n<p>FORMAT\u2019 Experts s\u2019appuie sur <strong><a href=\"https:\/\/www.digiforma.com\/\" target=\"_blank\" rel=\"noreferrer noopener\">Digiforma<\/a><\/strong>, la plateforme leader de gestion de la formation professionnelle. Ce partenariat nous permet d\u2019assurer une <strong>gestion fluide, conforme et 100&nbsp;% digitale<\/strong> de vos parcours.<\/p>\n\n\n\n<h3 class=\"wp-block-heading has-blue-color has-text-color has-link-color wp-elements-818eb0f0002a494e3e1253ecd920f04c\"><strong>Les avantages pour nos clients<\/strong><\/h3>\n\n\n\n<ul class=\"wp-block-list\">\n<li><strong>Gestion simplifi\u00e9e<\/strong> : conventions, feuilles de pr\u00e9sence et attestations g\u00e9n\u00e9r\u00e9es automatiquement.<br><\/li>\n\n\n\n<li><strong>Suivi qualit\u00e9<\/strong> : \u00e9valuations en ligne, tableaux de bord, <strong><a href=\"https:\/\/format-experts.com\/index.php\/indicateurs-de-reussite\/\" target=\"_blank\" rel=\"noreferrer noopener\">indicateurs de satisfaction<\/a><\/strong>.<br><\/li>\n\n\n\n<li><strong>Tra\u00e7abilit\u00e9 compl\u00e8te<\/strong> : conformit\u00e9 RGPD et exigences QUALIOPI assur\u00e9es.<br><\/li>\n\n\n\n<li><strong>Espace formateur et apprenant<\/strong> : acc\u00e8s aux supports, activit\u00e9s, &#8230;<br><\/li>\n<\/ul>\n\n\n\n<h3 class=\"wp-block-heading has-blue-color has-text-color has-link-color wp-elements-81f80de778bf88fdb3489038f8f03b11\"><strong>Un partenariat au service de la performance<\/strong><\/h3>\n\n\n\n<p>Gr\u00e2ce \u00e0 Digiforma, nos formations sont <strong>plus transparentes, plus interactives et mieux suivies<\/strong>. Les stagiaires disposent d\u2019un <strong>parcours num\u00e9rique ergonomique<\/strong>, tandis que les entreprises acc\u00e8dent \u00e0 un <strong>reporting clair et fiable<\/strong> : pr\u00e9sences, notes, feedbacks, taux de r\u00e9ussite, etc.<\/p>\n\n\n\n<p>FORMAT\u2019 Experts et Digiforma partagent une m\u00eame vision : <strong>rendre la formation plus simple, plus moderne et plus efficace<\/strong>.<\/p>\n\n\n\n<h2 class=\"wp-block-heading has-blue-color has-text-color has-link-color wp-elements-e5b90135ad167ef22e10d5f1a87e6413\"><strong>Pourquoi investir dans la formation professionnelle aujourd\u2019hui ?<\/strong><\/h2>\n\n\n\n<p>\u00c0 l\u2019\u00e8re de la transformation num\u00e9rique, de l\u2019\u00e9volution des m\u00e9tiers, de l\u2019acc\u00e9l\u00e9ration des comp\u00e9tences, la formation n\u2019est plus un \u00ab plus \u00bb, mais un essentiel. Les entreprises qui investissent dans le d\u00e9veloppement de leurs collaborateurs gagnent en agilit\u00e9, en fid\u00e9lisation des talents, en performance.<\/p>\n\n\n\n<p>Avec FORMAT\u2019 Experts, vous \u00eates accompagn\u00e9 par un partenaire s\u00e9rieux et engag\u00e9, et gr\u00e2ce \u00e0 Digiforma, vous b\u00e9n\u00e9ficiez d\u2019une gestion moderne, conforme, performante.<\/p>\n\n\n\n<p>Ne laissez pas la formation au second plan : faites-en un moteur de votre succ\u00e8s.<\/p>\n\n\n\n<h2 class=\"wp-block-heading has-blue-color has-text-color has-link-color wp-elements-7a929e5d1185cb80d8883bad1755a45f\"><strong>Pourquoi choisir FORMAT\u2019 Experts ?<\/strong><\/h2>\n\n\n\n<h3 class=\"wp-block-heading has-blue-color has-text-color has-link-color wp-elements-8b8003fa4a3cf66cc67deeed6e7b2be2\"><strong>Expertise et accompagnement<\/strong><\/h3>\n\n\n\n<p>Nos formateurs disposent d\u2019une double comp\u00e9tence : expertise m\u00e9tier et exp\u00e9rience p\u00e9dagogique. Ils s\u2019adaptent au niveau des participants pour garantir un apprentissage concret et motivant. Un <strong><a href=\"http:\/\/format-experts.com\/wp-content\/uploads\/2026\/01\/Livret-daccueil-version-7-du-06-01-2026.pdf\" target=\"_blank\" rel=\"noreferrer noopener\">livret d&rsquo;accueil<\/a><\/strong> vous est par ailleurs d\u00e9livr\u00e9. Nous accueillons \u00e9galement les <strong><a href=\"http:\/\/format-experts.com\/wp-content\/uploads\/2026\/01\/2021-CHARTE-DES-MODALITES-DACCUEIL-DES-PSH.pdf\" target=\"_blank\" rel=\"noreferrer noopener\">personnes en situation de handicap<\/a><\/strong> pour les accompagner dans leur besoin de formation.<\/p>\n\n\n\n<h3 class=\"wp-block-heading has-blue-color has-text-color has-link-color wp-elements-5bce473fc85f8ff3c8082d536234f04f\"><strong>Qualit\u00e9 &amp; conformit\u00e9<\/strong><\/h3>\n\n\n\n<p>FORMAT\u2019 Experts r\u00e9pond aux <strong>exigences QUALIOPI<\/strong> et assure la tra\u00e7abilit\u00e9 compl\u00e8te des actions de formation : conventions, \u00e9margements, \u00e9valuations, attestations et bilans.<\/p>\n\n\n\n<h3 class=\"wp-block-heading has-blue-color has-text-color has-link-color wp-elements-3847d3a9ce9383e938a6b16b7ec41d68\"><strong>Financement &amp; flexibilit\u00e9<\/strong><\/h3>\n\n\n\n<p>Nous vous accompagnons dans le <strong><a href=\"http:\/\/format-experts.com\/wp-content\/uploads\/2026\/01\/Comment-financer-ma-formation.png\" target=\"_blank\" rel=\"noreferrer noopener\">montage des dossiers de financement<\/a> <\/strong>et dans la planification des formations selon votre calendrier.<\/p>\n\n\n\n<h3 class=\"wp-block-heading has-blue-color has-text-color has-link-color wp-elements-eb33a808509fdd24c804bfa48c08fbb3\"><strong>Impact mesurable<\/strong><\/h3>\n\n\n\n<p>Nous \u00e9valuons syst\u00e9matiquement la <strong>satisfaction et les acquis<\/strong>, puis mesurons le transfert des comp\u00e9tences sur le terrain. Vous disposez de <strong>rapports d\u00e9taill\u00e9s<\/strong> pour suivre les r\u00e9sultats.<\/p>\n\n\n\n<h3 class=\"wp-block-heading has-blue-color has-text-color has-link-color wp-elements-69590a5f37a8711b6c214acc0c58aa5b\"><strong>L\u2019approche FORMAT\u2019 Experts : Personnalisation &amp; suivi<\/strong><\/h3>\n\n\n\n<ol class=\"wp-block-list\">\n<li><strong>Diagnostic pr\u00e9alable<\/strong> : nous \u00e9changeons avec vos responsables ou vous-m\u00eame pour cerner les enjeux, d\u00e9finir les comp\u00e9tences vis\u00e9es et positionner les participants.<br><\/li>\n\n\n\n<li><strong>Construction sur-mesure<\/strong> : en fonction du diagnostic, nous construisons un programme adapt\u00e9 (objectifs, contenu, dur\u00e9e, modalit\u00e9) et nous vous pr\u00e9sentons un plan p\u00e9dagogique.<br><\/li>\n\n\n\n<li><strong>R\u00e9alisation de la formation<\/strong> : nos intervenants animent les <strong><a href=\"http:\/\/format-experts.com\/wp-content\/uploads\/2026\/01\/2026-Calendrier.pdf\" target=\"_blank\" rel=\"noreferrer noopener\">sessions en pr\u00e9sentiel<\/a><\/strong>, en mobilisant m\u00e9thodes actives, \u00e9tudes de cas, mises en situation et outils num\u00e9riques pour dynamiser l\u2019apprentissage.<\/li>\n<\/ol>\n\n\n\n<ol start=\"4\" class=\"wp-block-list\">\n<li><strong>Suivi et transfert<\/strong> : apr\u00e8s la formation, un bilan est r\u00e9alis\u00e9 avec questionnaire de satisfaction, \u00e9valuation des acquis, recommandations pour le transfert dans vos processus. Un suivi peut \u00eatre propos\u00e9 pour renforcer l\u2019appropriation.<\/li>\n<\/ol>\n\n\n\n<h2 class=\"wp-block-heading has-blue-color has-text-color has-link-color wp-elements-3ed38179be5922aa232239e64cbc5f70\"><strong>Passez \u00e0 l\u2019action<\/strong><\/h2>\n\n\n\n<p>Besoin de former vos \u00e9quipes dans les domaines <strong>ferroviaires<\/strong> ou <strong>\u00e9lectriques<\/strong> ?<br><a href=\"https:\/\/format-experts.com\/index.php\/contact\/\" target=\"_blank\" rel=\"noreferrer noopener\"><strong>Contactez<\/strong> <strong>FORMAT\u2019 Experts<\/strong><\/a> pour un <strong>diagnostic gratuit<\/strong> et une <strong>proposition personnalis\u00e9e<\/strong>.<\/p>\n\n\n\n<p><strong>T\u00e9l\u00e9phone<\/strong> : 09 50 72 98 74 ou 06 49 72 83 14<br><strong>Email<\/strong> : <strong><a href=\"mailto:contact.formation@formatexperts.com\" target=\"_blank\" rel=\"noreferrer noopener\">contact.formation@formatexperts.com<\/a><\/strong><br><strong>Site web<\/strong> :<a href=\"https:\/\/format-experts.com?utm_source=chatgpt.com\"> <\/a><strong><a href=\"https:\/\/format-experts.com\" target=\"_blank\" rel=\"noreferrer noopener\">https:\/\/format-experts.com<\/a><\/strong><\/p>\n","protected":false},"excerpt":{"rendered":"<p>D\u00e9veloppez vos comp\u00e9tences dans les m\u00e9tiers techniques et r\u00e9glement\u00e9s Chez FORMAT\u2019 Experts, nous formons les professionnels du secteur ferroviaire et \u00e9lectrique aux m\u00e9tiers les plus exigeants. Notre mission : assurer la s\u00e9curit\u00e9, la conformit\u00e9 r\u00e9glementaire et la mont\u00e9e en comp\u00e9tence <a href=\"https:\/\/format-experts.com\/index.php\/formations-2\/\" class=\"read-more\">Read More &#8230;<\/a><\/p>\n","protected":false},"author":1,"featured_media":0,"parent":0,"menu_order":1,"comment_status":"closed","ping_status":"closed","template":"templates\/contact.php","meta":{"jetpack_post_was_ever_published":false,"footnotes":""},"class_list":["post-602","page","type-page","status-publish","hentry"],"yoast_head":"<!-- This site is optimized with the Yoast SEO plugin v26.1.1 - https:\/\/yoast.com\/wordpress\/plugins\/seo\/ -->\n<title>FORMATIONS - FORMAT&#039; Experts<\/title>\n<meta name=\"description\" content=\"Retrouvez les formations du domaine ferroviaire d\u00e9livr\u00e9es par l&#039;\u00e9quipe FORMAT&#039;Experts pour former les sp\u00e9cialistes de demain.\" \/>\n<meta name=\"robots\" content=\"index, follow, max-snippet:-1, max-image-preview:large, max-video-preview:-1\" \/>\n<link rel=\"canonical\" href=\"https:\/\/format-experts.com\/index.php\/formations-2\/\" \/>\n<meta property=\"og:locale\" content=\"fr_FR\" \/>\n<meta property=\"og:type\" content=\"article\" \/>\n<meta property=\"og:title\" content=\"FORMATIONS - FORMAT&#039; Experts\" \/>\n<meta property=\"og:description\" content=\"Retrouvez les formations du domaine ferroviaire d\u00e9livr\u00e9es par l&#039;\u00e9quipe FORMAT&#039;Experts pour former les sp\u00e9cialistes de demain.\" \/>\n<meta property=\"og:url\" content=\"https:\/\/format-experts.com\/index.php\/formations-2\/\" \/>\n<meta property=\"og:site_name\" content=\"FORMAT&#039; Experts\" \/>\n<meta property=\"article:modified_time\" content=\"2026-01-08T16:12:16+00:00\" \/>\n<meta name=\"twitter:card\" content=\"summary_large_image\" \/>\n<meta name=\"twitter:label1\" content=\"Dur\u00e9e de lecture estim\u00e9e\" \/>\n\t<meta name=\"twitter:data1\" content=\"6 minutes\" \/>\n<script type=\"application\/ld+json\" class=\"yoast-schema-graph\">{\"@context\":\"https:\/\/schema.org\",\"@graph\":[{\"@type\":\"WebPage\",\"@id\":\"https:\/\/format-experts.com\/index.php\/formations-2\/\",\"url\":\"https:\/\/format-experts.com\/index.php\/formations-2\/\",\"name\":\"FORMATIONS - FORMAT&#039; Experts\",\"isPartOf\":{\"@id\":\"https:\/\/format-experts.com\/#website\"},\"datePublished\":\"2018-12-18T08:37:56+00:00\",\"dateModified\":\"2026-01-08T16:12:16+00:00\",\"description\":\"Retrouvez les formations du domaine ferroviaire d\u00e9livr\u00e9es par l'\u00e9quipe FORMAT'Experts pour former les sp\u00e9cialistes de demain.\",\"breadcrumb\":{\"@id\":\"https:\/\/format-experts.com\/index.php\/formations-2\/#breadcrumb\"},\"inLanguage\":\"fr-FR\",\"potentialAction\":[{\"@type\":\"ReadAction\",\"target\":[\"https:\/\/format-experts.com\/index.php\/formations-2\/\"]}]},{\"@type\":\"BreadcrumbList\",\"@id\":\"https:\/\/format-experts.com\/index.php\/formations-2\/#breadcrumb\",\"itemListElement\":[{\"@type\":\"ListItem\",\"position\":1,\"name\":\"Accueil\",\"item\":\"https:\/\/format-experts.com\/\"},{\"@type\":\"ListItem\",\"position\":2,\"name\":\"FORMATIONS\"}]},{\"@type\":\"WebSite\",\"@id\":\"https:\/\/format-experts.com\/#website\",\"url\":\"https:\/\/format-experts.com\/\",\"name\":\"FORMAT&#039; Experts\",\"description\":\"Entrepreneur de solutions ...\",\"publisher\":{\"@id\":\"https:\/\/format-experts.com\/#organization\"},\"potentialAction\":[{\"@type\":\"SearchAction\",\"target\":{\"@type\":\"EntryPoint\",\"urlTemplate\":\"https:\/\/format-experts.com\/?s={search_term_string}\"},\"query-input\":{\"@type\":\"PropertyValueSpecification\",\"valueRequired\":true,\"valueName\":\"search_term_string\"}}],\"inLanguage\":\"fr-FR\"},{\"@type\":\"Organization\",\"@id\":\"https:\/\/format-experts.com\/#organization\",\"name\":\"FORMAT&#039; Experts\",\"url\":\"https:\/\/format-experts.com\/\",\"logo\":{\"@type\":\"ImageObject\",\"inLanguage\":\"fr-FR\",\"@id\":\"https:\/\/format-experts.com\/#\/schema\/logo\/image\/\",\"url\":\"https:\/\/format-experts.com\/wp-content\/uploads\/2017\/07\/cropped-400dpiLogo.png\",\"contentUrl\":\"https:\/\/format-experts.com\/wp-content\/uploads\/2017\/07\/cropped-400dpiLogo.png\",\"width\":200,\"height\":94,\"caption\":\"FORMAT&#039; Experts\"},\"image\":{\"@id\":\"https:\/\/format-experts.com\/#\/schema\/logo\/image\/\"}}]}<\/script>\n<!-- \/ Yoast SEO plugin. -->","yoast_head_json":{"title":"FORMATIONS - FORMAT&#039; Experts","description":"Retrouvez les formations du domaine ferroviaire d\u00e9livr\u00e9es par l'\u00e9quipe FORMAT'Experts pour former les sp\u00e9cialistes de demain.","robots":{"index":"index","follow":"follow","max-snippet":"max-snippet:-1","max-image-preview":"max-image-preview:large","max-video-preview":"max-video-preview:-1"},"canonical":"https:\/\/format-experts.com\/index.php\/formations-2\/","og_locale":"fr_FR","og_type":"article","og_title":"FORMATIONS - FORMAT&#039; Experts","og_description":"Retrouvez les formations du domaine ferroviaire d\u00e9livr\u00e9es par l'\u00e9quipe FORMAT'Experts pour former les sp\u00e9cialistes de demain.","og_url":"https:\/\/format-experts.com\/index.php\/formations-2\/","og_site_name":"FORMAT&#039; Experts","article_modified_time":"2026-01-08T16:12:16+00:00","twitter_card":"summary_large_image","twitter_misc":{"Dur\u00e9e de lecture estim\u00e9e":"6 minutes"},"schema":{"@context":"https:\/\/schema.org","@graph":[{"@type":"WebPage","@id":"https:\/\/format-experts.com\/index.php\/formations-2\/","url":"https:\/\/format-experts.com\/index.php\/formations-2\/","name":"FORMATIONS - FORMAT&#039; Experts","isPartOf":{"@id":"https:\/\/format-experts.com\/#website"},"datePublished":"2018-12-18T08:37:56+00:00","dateModified":"2026-01-08T16:12:16+00:00","description":"Retrouvez les formations du domaine ferroviaire d\u00e9livr\u00e9es par l'\u00e9quipe FORMAT'Experts pour former les sp\u00e9cialistes de demain.","breadcrumb":{"@id":"https:\/\/format-experts.com\/index.php\/formations-2\/#breadcrumb"},"inLanguage":"fr-FR","potentialAction":[{"@type":"ReadAction","target":["https:\/\/format-experts.com\/index.php\/formations-2\/"]}]},{"@type":"BreadcrumbList","@id":"https:\/\/format-experts.com\/index.php\/formations-2\/#breadcrumb","itemListElement":[{"@type":"ListItem","position":1,"name":"Accueil","item":"https:\/\/format-experts.com\/"},{"@type":"ListItem","position":2,"name":"FORMATIONS"}]},{"@type":"WebSite","@id":"https:\/\/format-experts.com\/#website","url":"https:\/\/format-experts.com\/","name":"FORMAT&#039; Experts","description":"Entrepreneur de solutions ...","publisher":{"@id":"https:\/\/format-experts.com\/#organization"},"potentialAction":[{"@type":"SearchAction","target":{"@type":"EntryPoint","urlTemplate":"https:\/\/format-experts.com\/?s={search_term_string}"},"query-input":{"@type":"PropertyValueSpecification","valueRequired":true,"valueName":"search_term_string"}}],"inLanguage":"fr-FR"},{"@type":"Organization","@id":"https:\/\/format-experts.com\/#organization","name":"FORMAT&#039; Experts","url":"https:\/\/format-experts.com\/","logo":{"@type":"ImageObject","inLanguage":"fr-FR","@id":"https:\/\/format-experts.com\/#\/schema\/logo\/image\/","url":"https:\/\/format-experts.com\/wp-content\/uploads\/2017\/07\/cropped-400dpiLogo.png","contentUrl":"https:\/\/format-experts.com\/wp-content\/uploads\/2017\/07\/cropped-400dpiLogo.png","width":200,"height":94,"caption":"FORMAT&#039; Experts"},"image":{"@id":"https:\/\/format-experts.com\/#\/schema\/logo\/image\/"}}]}},"jetpack_sharing_enabled":true,"jetpack_shortlink":"https:\/\/wp.me\/P8YQDH-9I","_links":{"self":[{"href":"https:\/\/format-experts.com\/index.php\/wp-json\/wp\/v2\/pages\/602","targetHints":{"allow":["GET"]}}],"collection":[{"href":"https:\/\/format-experts.com\/index.php\/wp-json\/wp\/v2\/pages"}],"about":[{"href":"https:\/\/format-experts.com\/index.php\/wp-json\/wp\/v2\/types\/page"}],"author":[{"embeddable":true,"href":"https:\/\/format-experts.com\/index.php\/wp-json\/wp\/v2\/users\/1"}],"replies":[{"embeddable":true,"href":"https:\/\/format-experts.com\/index.php\/wp-json\/wp\/v2\/comments?post=602"}],"version-history":[{"count":30,"href":"https:\/\/format-experts.com\/index.php\/wp-json\/wp\/v2\/pages\/602\/revisions"}],"predecessor-version":[{"id":1156,"href":"https:\/\/format-experts.com\/index.php\/wp-json\/wp\/v2\/pages\/602\/revisions\/1156"}],"wp:attachment":[{"href":"https:\/\/format-experts.com\/index.php\/wp-json\/wp\/v2\/media?parent=602"}],"curies":[{"name":"wp","href":"https:\/\/api.w.org\/{rel}","templated":true}]}}